{"id":1336,"date":"2025-10-23T09:55:49","date_gmt":"2025-10-23T09:55:49","guid":{"rendered":"https:\/\/itfincas.com\/home\/?page_id=1336"},"modified":"2025-10-23T09:56:13","modified_gmt":"2025-10-23T09:56:13","slug":"politica-de-cookeis","status":"publish","type":"page","link":"https:\/\/itfincas.com\/home\/politica-de-cookeis\/","title":{"rendered":"Pol\u00edtica de cookies"},"content":{"rendered":"\n<h3 class=\"wp-block-heading\">Cookies<\/h3>\n\n\n\n<p>En IT Fincas Isabel Tolosa, utilizamos cookies y tecnolog\u00edas similares para mejorar tu experiencia de navegaci\u00f3n en nuestra p\u00e1gina web <a href=\"https:\/\/comunidades.isabeltolosa.es\/\" target=\"_blank\" rel=\"noreferrer noopener\">https:\/\/itfincas.com<\/a>. Esta pol\u00edtica explica qu\u00e9 son las cookies, qu\u00e9 tipo de cookies utilizamos, para qu\u00e9 fines y c\u00f3mo puedes gestionarlas.<\/p>\n\n\n\n<h4 class=\"wp-block-heading\">1. \u00bfQu\u00e9 son las Cookies?<\/h4>\n\n\n\n<p>Una cookie es un peque\u00f1o archivo de texto que un sitio web almacena en tu navegador cuando lo visitas. Las cookies permiten que el sitio web recuerde informaci\u00f3n sobre tu visita, como tu idioma preferido y otras configuraciones, lo que puede hacer que tu pr\u00f3xima visita sea m\u00e1s f\u00e1cil y el sitio m\u00e1s \u00fatil para ti. Las cookies desempe\u00f1an un papel muy importante, ya que sin ellas el uso de la Web ser\u00eda una experiencia mucho menos satisfactoria.<\/p>\n\n\n\n<h4 class=\"wp-block-heading\">2. Tipos de Cookies que Utilizamos<\/h4>\n\n\n\n<p>En nuestra web utilizamos los siguientes tipos de cookies:<\/p>\n\n\n\n<ul class=\"wp-block-list\">\n<li><strong>Cookies propias:<\/strong> Son aquellas que se env\u00edan a tu equipo terminal desde un equipo o dominio gestionado por nosotros y desde el que se presta el servicio solicitado por el usuario.<\/li>\n\n\n\n<li><strong>Cookies de terceros:<\/strong> Son aquellas que se env\u00edan a tu equipo terminal desde un equipo o dominio que no es gestionado por nosotros, sino por otra entidad que trata los datos obtenidos a trav\u00e9s de las cookies.<\/li>\n<\/ul>\n\n\n\n<p>Seg\u00fan su finalidad, las cookies pueden ser:<\/p>\n\n\n\n<ul class=\"wp-block-list\">\n<li><strong>Cookies t\u00e9cnicas (necesarias):<\/strong> Son aquellas que permiten al usuario la navegaci\u00f3n a trav\u00e9s de una p\u00e1gina web, plataforma o aplicaci\u00f3n y la utilizaci\u00f3n de las diferentes opciones o servicios que en ella existan, incluyendo aquellas que el editor utiliza para permitir la gesti\u00f3n y operativa de la p\u00e1gina web y habilitar sus funciones y servicios. Por ejemplo, controlar el tr\u00e1fico y la comunicaci\u00f3n de datos, identificar la sesi\u00f3n, acceder a partes de acceso restringido, recordar los elementos que integran un pedido, realizar el proceso de compra de un pedido, gestionar el pago, etc. <strong>Estas cookies son esenciales para el funcionamiento de la web y no requieren tu consentimiento.<\/strong><\/li>\n\n\n\n<li><strong>Cookies de preferencias o personalizaci\u00f3n:<\/strong> Son aquellas que permiten recordar informaci\u00f3n para que el usuario acceda al servicio con determinadas caracter\u00edsticas que pueden diferenciar su experiencia de la de otros usuarios, como, por ejemplo, el idioma, el n\u00famero de resultados a mostrar cuando el usuario realiza una b\u00fasqueda, el aspecto o contenido del servicio en funci\u00f3n del tipo de navegador a trav\u00e9s del cual el usuario accede al servicio o de la regi\u00f3n desde la que accede al servicio, etc.<\/li>\n\n\n\n<li><strong>Cookies de an\u00e1lisis o medici\u00f3n:<\/strong> Son aquellas que nos permiten cuantificar el n\u00famero de usuarios y as\u00ed realizar la medici\u00f3n y an\u00e1lisis estad\u00edstico de la utilizaci\u00f3n que hacen los usuarios del servicio ofertado. Para ello se analiza tu navegaci\u00f3n en nuestra p\u00e1gina web con el fin de mejorar la oferta de productos o servicios que te ofrecemos.<\/li>\n\n\n\n<li><strong>Cookies de publicidad comportamental:<\/strong> Son aquellas que almacenan informaci\u00f3n del comportamiento de los usuarios obtenida a trav\u00e9s de la observaci\u00f3n continuada de sus h\u00e1bitos de navegaci\u00f3n, lo que permite desarrollar un perfil espec\u00edfico para mostrar publicidad en funci\u00f3n del mismo.<\/li>\n<\/ul>\n\n\n\n<h4 class=\"wp-block-heading\">3. Cookies Espec\u00edficas Utilizadas en Nuestra Web<\/h4>\n\n\n\n<p>A continuaci\u00f3n, detallamos las cookies que pueden ser utilizadas en nuestra web y su finalidad:<\/p>\n\n\n\n<figure class=\"wp-block-table\"><table class=\"has-fixed-layout\"><thead><tr><th>Tipo de Cookie<\/th><th>Nombre de la Cookie<\/th><th>Proveedor<\/th><th>Finalidad<\/th><th>Duraci\u00f3n<\/th><\/tr><\/thead><tbody><tr><td><strong>T\u00e9cnicas<\/strong><\/td><td><code>wordpress_test_cookie<\/code><\/td><td>Propia<\/td><td>Comprueba si el navegador acepta cookies.<\/td><td>Sesi\u00f3n<\/td><\/tr><tr><td><\/td><td><code>wp-settings-{time}-{uid}<\/code><\/td><td>Propia<\/td><td>Personaliza la interfaz de usuario.<\/td><td>1 a\u00f1o<\/td><\/tr><tr><td><\/td><td><code>elementor<\/code><\/td><td>Propia<\/td><td>Utilizada por el constructor de p\u00e1ginas Elementor.<\/td><td>Persistente<\/td><\/tr><tr><td><strong>An\u00e1lisis<\/strong><\/td><td><code>_ga<\/code><\/td><td>Google Analytics<\/td><td>Registra un ID de usuario \u00fanico para generar estad\u00edsticas de uso.<\/td><td>2 a\u00f1os<\/td><\/tr><tr><td><\/td><td><code>_gid<\/code><\/td><td>Google Analytics<\/td><td>Registra un ID de usuario \u00fanico para generar estad\u00edsticas de uso.<\/td><td>24 horas<\/td><\/tr><tr><td><\/td><td><code>_gat<\/code><\/td><td>Google Analytics<\/td><td>Limita el porcentaje de solicitudes.<\/td><td>1 minuto<\/td><\/tr><tr><td><strong>Otras<\/strong><\/td><td><\/td><td><\/td><td><\/td><td><\/td><\/tr><\/tbody><\/table><\/figure>\n\n\n\n<p><em>(<strong>Nota para ti:<\/strong> Esta tabla es un ejemplo. Debes revisar las cookies que realmente utiliza tu web. Puedes usar herramientas como el inspector de elementos de tu navegador o servicios online para escanear tu web y ver qu\u00e9 cookies se cargan.)<\/em><\/p>\n\n\n\n<h4 class=\"wp-block-heading\">4. Gesti\u00f3n de Cookies<\/h4>\n\n\n\n<p>Puedes aceptar, rechazar o configurar las cookies en cualquier momento a trav\u00e9s de nuestro <strong>panel de configuraci\u00f3n de cookies<\/strong> (si lo tienes implementado en tu web, lo cual es recomendable).<\/p>\n\n\n\n<p>Adem\u00e1s, puedes permitir, bloquear o eliminar las cookies instaladas en tu equipo mediante la configuraci\u00f3n de las opciones del navegador instalado en tu ordenador:<\/p>\n\n\n\n<ul class=\"wp-block-list\">\n<li><strong>Google Chrome:<\/strong> <a href=\"https:\/\/support.google.com\/chrome\/answer\/95647?hl=es\" target=\"_blank\" rel=\"noreferrer noopener\">https:\/\/support.google.com\/chrome\/answer\/95647?hl=es<\/a><\/li>\n\n\n\n<li><strong>Mozilla Firefox:<\/strong> <a href=\"https:\/\/support.mozilla.org\/es\/kb\/habilitar-y-deshabilitar-cookies-que-los-sitios-we\" target=\"_blank\" rel=\"noreferrer noopener\">https:\/\/support.mozilla.org\/es\/kb\/habilitar-y-deshabilitar-cookies-que-los-sitios-we<\/a><\/li>\n\n\n\n<li><strong>Internet Explorer:<\/strong> <a href=\"https:\/\/support.microsoft.com\/es-es\/help\/17442\/windows-internet-explorer-delete-manage-cookies\" target=\"_blank\" rel=\"noreferrer noopener\">https:\/\/support.microsoft.com\/es-es\/help\/17442\/windows-internet-explorer-delete-manage-cookies<\/a><\/li>\n\n\n\n<li><strong>Safari:<\/strong> <a href=\"https:\/\/support.apple.com\/es-es\/guide\/safari\/sfri11471\/mac\" target=\"_blank\" rel=\"noreferrer noopener\">https:\/\/support.apple.com\/es-es\/guide\/safari\/sfri11471\/mac<\/a><\/li>\n\n\n\n<li><strong>Opera:<\/strong> <a href=\"https:\/\/www.opera.com\/help\/tutorials\/security\/cookies\/\" target=\"_blank\" rel=\"noreferrer noopener\">https:\/\/www.opera.com\/help\/tutorials\/security\/cookies\/<\/a><\/li>\n<\/ul>\n\n\n\n<p>Ten en cuenta que si deshabilitas las cookies, algunas funcionalidades de la web podr\u00edan no estar disponibles o no funcionar correctamente.<\/p>\n\n\n\n<h4 class=\"wp-block-heading\">5. Actualizaciones de la Pol\u00edtica de Cookies<\/h4>\n\n\n\n<p>Es posible que actualicemos nuestra Pol\u00edtica de Cookies en funci\u00f3n de nuevas exigencias legislativas, reglamentarias, o con la finalidad de adaptar dicha pol\u00edtica a las instrucciones dictadas por la Agencia Espa\u00f1ola de Protecci\u00f3n de Datos. Por ello, te recomendamos revisar esta pol\u00edtica peri\u00f3dicamente.<\/p>\n\n\n\n<p><\/p>\n","protected":false},"excerpt":{"rendered":"<p>Cookies En IT Fincas Isabel Tolosa, utilizamos cookies y tecnolog\u00edas similares para mejorar tu experiencia de navegaci\u00f3n en nuestra p\u00e1gina web https:\/\/itfincas.com. Esta pol\u00edtica explica qu\u00e9 son las cookies, qu\u00e9 tipo de cookies utilizamos, para qu\u00e9 fines y c\u00f3mo puedes gestionarlas. 1. \u00bfQu\u00e9 son las Cookies? Una cookie es un peque\u00f1o archivo de texto que [&hellip;]<\/p>\n","protected":false},"author":1,"featured_media":0,"parent":0,"menu_order":0,"comment_status":"closed","ping_status":"closed","template":"","meta":{"site-sidebar-layout":"default","site-content-layout":"","ast-site-content-layout":"default","site-content-style":"default","site-sidebar-style":"default","ast-global-header-display":"","ast-banner-title-visibility":"","ast-main-header-display":"","ast-hfb-above-header-display":"","ast-hfb-below-header-display":"","ast-hfb-mobile-header-display":"","site-post-title":"","ast-breadcrumbs-content":"","ast-featured-img":"","footer-sml-layout":"","ast-disable-related-posts":"","theme-transparent-header-meta":"","adv-header-id-meta":"","stick-header-meta":"","header-above-stick-meta":"","header-main-stick-meta":"","header-below-stick-meta":"","astra-migrate-meta-layouts":"set","ast-page-background-enabled":"default","ast-page-background-meta":{"desktop":{"background-color":"","background-image":"","background-repeat":"repeat","background-position":"center center","background-size":"auto","background-attachment":"scroll","background-type":"","background-media":"","overlay-type":"","overlay-color":"","overlay-opacity":"","overlay-gradient":""},"tablet":{"background-color":"","background-image":"","background-repeat":"repeat","background-position":"center center","background-size":"auto","background-attachment":"scroll","background-type":"","background-media":"","overlay-type":"","overlay-color":"","overlay-opacity":"","overlay-gradient":""},"mobile":{"background-color":"","background-image":"","background-repeat":"repeat","background-position":"center center","background-size":"auto","background-attachment":"scroll","background-type":"","background-media":"","overlay-type":"","overlay-color":"","overlay-opacity":"","overlay-gradient":""}},"ast-content-background-meta":{"desktop":{"background-color":"var(--ast-global-color-5)","background-image":"","background-repeat":"repeat","background-position":"center center","background-size":"auto","background-attachment":"scroll","background-type":"","background-media":"","overlay-type":"","overlay-color":"","overlay-opacity":"","overlay-gradient":""},"tablet":{"background-color":"var(--ast-global-color-5)","background-image":"","background-repeat":"repeat","background-position":"center center","background-size":"auto","background-attachment":"scroll","background-type":"","background-media":"","overlay-type":"","overlay-color":"","overlay-opacity":"","overlay-gradient":""},"mobile":{"background-color":"var(--ast-global-color-5)","background-image":"","background-repeat":"repeat","background-position":"center center","background-size":"auto","background-attachment":"scroll","background-type":"","background-media":"","overlay-type":"","overlay-color":"","overlay-opacity":"","overlay-gradient":""}},"footnotes":""},"class_list":["post-1336","page","type-page","status-publish","hentry"],"_links":{"self":[{"href":"https:\/\/itfincas.com\/home\/wp-json\/wp\/v2\/pages\/1336","targetHints":{"allow":["GET"]}}],"collection":[{"href":"https:\/\/itfincas.com\/home\/wp-json\/wp\/v2\/pages"}],"about":[{"href":"https:\/\/itfincas.com\/home\/wp-json\/wp\/v2\/types\/page"}],"author":[{"embeddable":true,"href":"https:\/\/itfincas.com\/home\/wp-json\/wp\/v2\/users\/1"}],"replies":[{"embeddable":true,"href":"https:\/\/itfincas.com\/home\/wp-json\/wp\/v2\/comments?post=1336"}],"version-history":[{"count":2,"href":"https:\/\/itfincas.com\/home\/wp-json\/wp\/v2\/pages\/1336\/revisions"}],"predecessor-version":[{"id":1338,"href":"https:\/\/itfincas.com\/home\/wp-json\/wp\/v2\/pages\/1336\/revisions\/1338"}],"wp:attachment":[{"href":"https:\/\/itfincas.com\/home\/wp-json\/wp\/v2\/media?parent=1336"}],"curies":[{"name":"wp","href":"https:\/\/api.w.org\/{rel}","templated":true}]}}