{"id":1412,"date":"2026-04-11T16:28:18","date_gmt":"2026-04-11T16:28:18","guid":{"rendered":"https:\/\/itfincas.com\/home\/?page_id=1412"},"modified":"2026-04-13T06:49:42","modified_gmt":"2026-04-13T06:49:42","slug":"piso-10-min-graus","status":"publish","type":"page","link":"https:\/\/itfincas.com\/home\/piso-10-min-graus\/","title":{"rendered":"Piso a 10 min de Graus"},"content":{"rendered":"\t\t<div data-elementor-type=\"wp-page\" data-elementor-id=\"1412\" class=\"elementor elementor-1412\" data-elementor-post-type=\"page\">\n\t\t\t\t<div class=\"elementor-element elementor-element-3db329a e-flex e-con-boxed e-con e-parent\" data-id=\"3db329a\" data-element_type=\"container\" data-e-type=\"container\">\n\t\t\t\t\t<div class=\"e-con-inner\">\n\t\t\t\t<div class=\"elementor-element elementor-element-883e46b elementor-widget elementor-widget-heading\" data-id=\"883e46b\" data-element_type=\"widget\" data-e-type=\"widget\" data-widget_type=\"heading.default\">\n\t\t\t\t<div class=\"elementor-widget-container\">\n\t\t\t\t\t<h2 class=\"elementor-heading-title elementor-size-default\">Piso a 10 minutos de Graus<\/h2>\t\t\t\t<\/div>\n\t\t\t\t<\/div>\n\t\t\t\t<div class=\"elementor-element elementor-element-d5fafbb elementor-widget elementor-widget-text-editor\" data-id=\"d5fafbb\" data-element_type=\"widget\" data-e-type=\"widget\" data-widget_type=\"text-editor.default\">\n\t\t\t\t<div class=\"elementor-widget-container\">\n\t\t\t\t\t\t\t\t\t<p>Apartamento ideal de 70 metros cuadrados, sal\u00f3n cocina, 2 habitaciones, ba\u00f1o, 2 terrazas una acristalada, orientaci\u00f3n este\/oeste.<\/p><p>Excelente ubicaci\u00f3n en pueblo del pre-Pirineo junto al r\u00edo \u00c9sera, a tan s\u00f3lo 10 minutos de Graus, 15 minutos de Campo y menos de 45 km del valle de Benasque y de las pistas de esqu\u00ed de Cerler. La Ribagorza es un para\u00edso natural que te ofrece una experiencia \u00fanica: senderismo, esqu\u00ed, deportes acu\u00e1ticos, r\u00edos, pueblos medievales, fiestas tradicionales.. .<\/p>\t\t\t\t\t\t\t\t<\/div>\n\t\t\t\t<\/div>\n\t\t\t\t\t<\/div>\n\t\t\t\t<\/div>\n\t\t<div class=\"elementor-element elementor-element-5b1896e e-grid e-con-boxed e-con e-parent\" data-id=\"5b1896e\" data-element_type=\"container\" data-e-type=\"container\">\n\t\t\t\t\t<div class=\"e-con-inner\">\n\t\t\t\t<div class=\"elementor-element elementor-element-352cb95 elementor-widget elementor-widget-image\" data-id=\"352cb95\" data-element_type=\"widget\" data-e-type=\"widget\" data-widget_type=\"image.default\">\n\t\t\t\t<div class=\"elementor-widget-container\">\n\t\t\t\t\t\t\t\t\t\t\t\t\t\t\t<img fetchpriority=\"high\" decoding=\"async\" width=\"769\" height=\"1024\" src=\"https:\/\/itfincas.com\/wp-content\/uploads\/2026\/04\/PHOTO-2026-04-08-11-44-20-4-769x1024.jpg\" class=\"attachment-large size-large wp-image-1408\" alt=\"\" srcset=\"https:\/\/itfincas.com\/wp-content\/uploads\/2026\/04\/PHOTO-2026-04-08-11-44-20-4-769x1024.jpg 769w, https:\/\/itfincas.com\/wp-content\/uploads\/2026\/04\/PHOTO-2026-04-08-11-44-20-4-225x300.jpg 225w, https:\/\/itfincas.com\/wp-content\/uploads\/2026\/04\/PHOTO-2026-04-08-11-44-20-4-768x1022.jpg 768w, https:\/\/itfincas.com\/wp-content\/uploads\/2026\/04\/PHOTO-2026-04-08-11-44-20-4-1154x1536.jpg 1154w, https:\/\/itfincas.com\/wp-content\/uploads\/2026\/04\/PHOTO-2026-04-08-11-44-20-4.jpg 1232w\" sizes=\"(max-width: 769px) 100vw, 769px\" \/>\t\t\t\t\t\t\t\t\t\t\t\t\t\t\t<\/div>\n\t\t\t\t<\/div>\n\t\t\t\t<div class=\"elementor-element elementor-element-9966d45 elementor-widget elementor-widget-image\" data-id=\"9966d45\" data-element_type=\"widget\" data-e-type=\"widget\" data-widget_type=\"image.default\">\n\t\t\t\t<div class=\"elementor-widget-container\">\n\t\t\t\t\t\t\t\t\t\t\t\t\t\t\t<img decoding=\"async\" width=\"769\" height=\"1024\" src=\"https:\/\/itfincas.com\/wp-content\/uploads\/2026\/04\/PHOTO-2026-04-08-11-44-20-1-769x1024.jpg\" class=\"attachment-large size-large wp-image-1414\" alt=\"\" srcset=\"https:\/\/itfincas.com\/wp-content\/uploads\/2026\/04\/PHOTO-2026-04-08-11-44-20-1-769x1024.jpg 769w, https:\/\/itfincas.com\/wp-content\/uploads\/2026\/04\/PHOTO-2026-04-08-11-44-20-1-225x300.jpg 225w, https:\/\/itfincas.com\/wp-content\/uploads\/2026\/04\/PHOTO-2026-04-08-11-44-20-1-768x1022.jpg 768w, https:\/\/itfincas.com\/wp-content\/uploads\/2026\/04\/PHOTO-2026-04-08-11-44-20-1-1154x1536.jpg 1154w, https:\/\/itfincas.com\/wp-content\/uploads\/2026\/04\/PHOTO-2026-04-08-11-44-20-1.jpg 1232w\" sizes=\"(max-width: 769px) 100vw, 769px\" \/>\t\t\t\t\t\t\t\t\t\t\t\t\t\t\t<\/div>\n\t\t\t\t<\/div>\n\t\t\t\t<div class=\"elementor-element elementor-element-c5d9d54 elementor-widget elementor-widget-image\" data-id=\"c5d9d54\" data-element_type=\"widget\" data-e-type=\"widget\" data-widget_type=\"image.default\">\n\t\t\t\t<div class=\"elementor-widget-container\">\n\t\t\t\t\t\t\t\t\t\t\t\t\t\t\t<img decoding=\"async\" width=\"768\" height=\"1024\" src=\"https:\/\/itfincas.com\/wp-content\/uploads\/2026\/04\/PHOTO-2026-04-08-11-44-20-2-768x1024.jpg\" class=\"attachment-large size-large wp-image-1415\" alt=\"\" srcset=\"https:\/\/itfincas.com\/wp-content\/uploads\/2026\/04\/PHOTO-2026-04-08-11-44-20-2-768x1024.jpg 768w, https:\/\/itfincas.com\/wp-content\/uploads\/2026\/04\/PHOTO-2026-04-08-11-44-20-2-225x300.jpg 225w, https:\/\/itfincas.com\/wp-content\/uploads\/2026\/04\/PHOTO-2026-04-08-11-44-20-2-1152x1536.jpg 1152w, https:\/\/itfincas.com\/wp-content\/uploads\/2026\/04\/PHOTO-2026-04-08-11-44-20-2.jpg 1530w\" sizes=\"(max-width: 768px) 100vw, 768px\" \/>\t\t\t\t\t\t\t\t\t\t\t\t\t\t\t<\/div>\n\t\t\t\t<\/div>\n\t\t\t\t<div class=\"elementor-element elementor-element-e023081 elementor-widget elementor-widget-image\" data-id=\"e023081\" data-element_type=\"widget\" data-e-type=\"widget\" data-widget_type=\"image.default\">\n\t\t\t\t<div class=\"elementor-widget-container\">\n\t\t\t\t\t\t\t\t\t\t\t\t\t\t\t<img loading=\"lazy\" decoding=\"async\" width=\"768\" height=\"1024\" src=\"https:\/\/itfincas.com\/wp-content\/uploads\/2026\/04\/PHOTO-2026-04-08-11-44-20-3-768x1024.jpg\" class=\"attachment-large size-large wp-image-1416\" alt=\"\" srcset=\"https:\/\/itfincas.com\/wp-content\/uploads\/2026\/04\/PHOTO-2026-04-08-11-44-20-3-768x1024.jpg 768w, https:\/\/itfincas.com\/wp-content\/uploads\/2026\/04\/PHOTO-2026-04-08-11-44-20-3-225x300.jpg 225w, https:\/\/itfincas.com\/wp-content\/uploads\/2026\/04\/PHOTO-2026-04-08-11-44-20-3-1152x1536.jpg 1152w, https:\/\/itfincas.com\/wp-content\/uploads\/2026\/04\/PHOTO-2026-04-08-11-44-20-3.jpg 1530w\" sizes=\"(max-width: 768px) 100vw, 768px\" \/>\t\t\t\t\t\t\t\t\t\t\t\t\t\t\t<\/div>\n\t\t\t\t<\/div>\n\t\t\t\t<div class=\"elementor-element elementor-element-d2faa25 elementor-widget elementor-widget-image\" data-id=\"d2faa25\" data-element_type=\"widget\" data-e-type=\"widget\" data-widget_type=\"image.default\">\n\t\t\t\t<div class=\"elementor-widget-container\">\n\t\t\t\t\t\t\t\t\t\t\t\t\t\t\t<img loading=\"lazy\" decoding=\"async\" width=\"769\" height=\"1024\" src=\"https:\/\/itfincas.com\/wp-content\/uploads\/2026\/04\/PHOTO-2026-04-08-11-44-20-769x1024.jpg\" class=\"attachment-large size-large wp-image-1417\" alt=\"\" srcset=\"https:\/\/itfincas.com\/wp-content\/uploads\/2026\/04\/PHOTO-2026-04-08-11-44-20-769x1024.jpg 769w, https:\/\/itfincas.com\/wp-content\/uploads\/2026\/04\/PHOTO-2026-04-08-11-44-20-225x300.jpg 225w, https:\/\/itfincas.com\/wp-content\/uploads\/2026\/04\/PHOTO-2026-04-08-11-44-20-768x1022.jpg 768w, https:\/\/itfincas.com\/wp-content\/uploads\/2026\/04\/PHOTO-2026-04-08-11-44-20-1154x1536.jpg 1154w, https:\/\/itfincas.com\/wp-content\/uploads\/2026\/04\/PHOTO-2026-04-08-11-44-20.jpg 1232w\" sizes=\"(max-width: 769px) 100vw, 769px\" \/>\t\t\t\t\t\t\t\t\t\t\t\t\t\t\t<\/div>\n\t\t\t\t<\/div>\n\t\t\t\t<div class=\"elementor-element elementor-element-2a6bd78 elementor-widget elementor-widget-image\" data-id=\"2a6bd78\" data-element_type=\"widget\" data-e-type=\"widget\" data-widget_type=\"image.default\">\n\t\t\t\t<div class=\"elementor-widget-container\">\n\t\t\t\t\t\t\t\t\t\t\t\t\t\t\t<img loading=\"lazy\" decoding=\"async\" width=\"1024\" height=\"769\" src=\"https:\/\/itfincas.com\/wp-content\/uploads\/2026\/04\/PHOTO-2026-04-08-11-44-21-1024x769.jpg\" class=\"attachment-large size-large wp-image-1418\" alt=\"\" srcset=\"https:\/\/itfincas.com\/wp-content\/uploads\/2026\/04\/PHOTO-2026-04-08-11-44-21-1024x769.jpg 1024w, https:\/\/itfincas.com\/wp-content\/uploads\/2026\/04\/PHOTO-2026-04-08-11-44-21-300x225.jpg 300w, https:\/\/itfincas.com\/wp-content\/uploads\/2026\/04\/PHOTO-2026-04-08-11-44-21-768x577.jpg 768w, https:\/\/itfincas.com\/wp-content\/uploads\/2026\/04\/PHOTO-2026-04-08-11-44-21-1536x1154.jpg 1536w, https:\/\/itfincas.com\/wp-content\/uploads\/2026\/04\/PHOTO-2026-04-08-11-44-21.jpg 1640w\" sizes=\"(max-width: 1024px) 100vw, 1024px\" \/>\t\t\t\t\t\t\t\t\t\t\t\t\t\t\t<\/div>\n\t\t\t\t<\/div>\n\t\t\t\t\t<\/div>\n\t\t\t\t<\/div>\n\t\t<div class=\"elementor-element elementor-element-4c0dff70 e-flex e-con-boxed e-con e-parent\" data-id=\"4c0dff70\" data-element_type=\"container\" data-e-type=\"container\">\n\t\t\t\t\t<div class=\"e-con-inner\">\n\t\t<div class=\"elementor-element elementor-element-1c595d3b e-con-full e-flex e-con e-child\" data-id=\"1c595d3b\" data-element_type=\"container\" data-e-type=\"container\">\n\t\t\t\t<div class=\"elementor-element elementor-element-5d639be2 elementor-widget elementor-widget-heading\" data-id=\"5d639be2\" data-element_type=\"widget\" data-e-type=\"widget\" data-widget_type=\"heading.default\">\n\t\t\t\t<div class=\"elementor-widget-container\">\n\t\t\t\t\t<h6 class=\"elementor-heading-title elementor-size-default\">Te ayudamos<\/h6>\t\t\t\t<\/div>\n\t\t\t\t<\/div>\n\t\t\t\t<div class=\"elementor-element elementor-element-44a2d2c4 elementor-widget elementor-widget-icon-box\" data-id=\"44a2d2c4\" data-element_type=\"widget\" data-e-type=\"widget\" data-widget_type=\"icon-box.default\">\n\t\t\t\t<div class=\"elementor-widget-container\">\n\t\t\t\t\t\t\t<div class=\"elementor-icon-box-wrapper\">\n\n\t\t\t\n\t\t\t\t\t\t<div class=\"elementor-icon-box-content\">\n\n\t\t\t\t\t\t\t\t\t<h3 class=\"elementor-icon-box-title\">\n\t\t\t\t\t\t<span  >\n\t\t\t\t\t\t\tSomos tu mejor opci\u00f3n\t\t\t\t\t\t<\/span>\n\t\t\t\t\t<\/h3>\n\t\t\t\t\n\t\t\t\t\t\t\t\t\t<p class=\"elementor-icon-box-description\">\n\t\t\t\t\t\tEstamos contigo\t\t\t\t\t<\/p>\n\t\t\t\t\n\t\t\t<\/div>\n\t\t\t\n\t\t<\/div>\n\t\t\t\t\t\t<\/div>\n\t\t\t\t<\/div>\n\t\t\t\t<div class=\"elementor-element elementor-element-5c499a78 elementor-widget-divider--view-line elementor-widget elementor-widget-divider\" data-id=\"5c499a78\" data-element_type=\"widget\" data-e-type=\"widget\" data-widget_type=\"divider.default\">\n\t\t\t\t<div class=\"elementor-widget-container\">\n\t\t\t\t\t\t\t<div class=\"elementor-divider\">\n\t\t\t<span class=\"elementor-divider-separator\">\n\t\t\t\t\t\t<\/span>\n\t\t<\/div>\n\t\t\t\t\t\t<\/div>\n\t\t\t\t<\/div>\n\t\t\t\t<div class=\"elementor-element elementor-element-6cb1d0db elementor-widget elementor-widget-text-editor\" data-id=\"6cb1d0db\" data-element_type=\"widget\" data-e-type=\"widget\" data-widget_type=\"text-editor.default\">\n\t\t\t\t<div class=\"elementor-widget-container\">\n\t\t\t\t\t\t\t\t\t<p>Calle <span style=\"font-size: 16px;\">Don Carlos, 9, 22430 Graus, Huesca<\/span><\/p><p>Tel\u00e9fono: 974 546 031 &#8211; 974 540 504<\/p><p>M\u00f3vil: 600 421 983<\/p><p>Email: isabel@isabeltolosa.com<\/p>\t\t\t\t\t\t\t\t<\/div>\n\t\t\t\t<\/div>\n\t\t\t\t<\/div>\n\t\t<div class=\"elementor-element elementor-element-56bc4fc e-con-full e-flex e-con e-child\" data-id=\"56bc4fc\" data-element_type=\"container\" data-e-type=\"container\" data-settings=\"{&quot;background_background&quot;:&quot;classic&quot;}\">\n\t\t\t\t<div class=\"elementor-element elementor-element-58e37b34 elementor-widget elementor-widget-heading\" data-id=\"58e37b34\" data-element_type=\"widget\" data-e-type=\"widget\" data-widget_type=\"heading.default\">\n\t\t\t\t<div class=\"elementor-widget-container\">\n\t\t\t\t\t<h6 class=\"elementor-heading-title elementor-size-default\">Contacta con nosotros<\/h6>\t\t\t\t<\/div>\n\t\t\t\t<\/div>\n\t\t\t\t<div class=\"elementor-element elementor-element-f17aaa elementor-widget elementor-widget-heading\" data-id=\"f17aaa\" data-element_type=\"widget\" data-e-type=\"widget\" data-widget_type=\"heading.default\">\n\t\t\t\t<div class=\"elementor-widget-container\">\n\t\t\t\t\t<h3 class=\"elementor-heading-title elementor-size-default\">Estamos a tu disposici\u00f3n<\/h3>\t\t\t\t<\/div>\n\t\t\t\t<\/div>\n\t\t\t\t<div class=\"elementor-element elementor-element-722aae47 elementor-widget elementor-widget-wpforms\" data-id=\"722aae47\" data-element_type=\"widget\" data-e-type=\"widget\" data-widget_type=\"wpforms.default\">\n\t\t\t\t<div class=\"elementor-widget-container\">\n\t\t\t\t\t<div class=\"wpforms-container \" id=\"wpforms-1075\"><form id=\"wpforms-form-1075\" class=\"wpforms-validate wpforms-form\" data-formid=\"1075\" method=\"post\" enctype=\"multipart\/form-data\" action=\"\/home\/wp-json\/wp\/v2\/pages\/1412\" data-token=\"fc07694a9bc329027aafdc4970f5e633\" data-token-time=\"1776595937\"><noscript class=\"wpforms-error-noscript\">Por favor, activa JavaScript en tu navegador para completar este formulario.<\/noscript><div class=\"wpforms-field-container\"><div id=\"wpforms-1075-field_0-container\" class=\"wpforms-field wpforms-field-name\" data-field-id=\"0\"><label class=\"wpforms-field-label wpforms-label-hide\" for=\"wpforms-1075-field_0\">Nombre <span class=\"wpforms-required-label\">*<\/span><\/label><input type=\"text\" id=\"wpforms-1075-field_0\" class=\"wpforms-field-large wpforms-field-required\" name=\"wpforms[fields][0]\" placeholder=\"Nombre y apellido\" required><\/div><div id=\"wpforms-1075-field_8-container\" class=\"wpforms-field wpforms-field-text\" data-field-id=\"8\"><label class=\"wpforms-field-label wpforms-label-hide\" for=\"wpforms-1075-field_8\">Tel\u00e9fono de contacto<\/label><input type=\"text\" id=\"wpforms-1075-field_8\" class=\"wpforms-field-large\" name=\"wpforms[fields][8]\" placeholder=\"M\u00f3vil\" ><\/div><div id=\"wpforms-1075-field_7-container\" class=\"wpforms-field wpforms-field-email\" data-field-id=\"7\"><label class=\"wpforms-field-label wpforms-label-hide\" for=\"wpforms-1075-field_7\">Email <span class=\"wpforms-required-label\">*<\/span><\/label><input type=\"email\" id=\"wpforms-1075-field_7\" class=\"wpforms-field-large wpforms-field-required\" name=\"wpforms[fields][7]\" placeholder=\"Tu correo electr\u00f3nico\" spellcheck=\"false\" required><\/div>\t\t<div id=\"wpforms-1075-field_1-container\"\n\t\t\tclass=\"wpforms-field wpforms-field-text\"\n\t\t\tdata-field-type=\"text\"\n\t\t\tdata-field-id=\"1\"\n\t\t\t>\n\t\t\t<label class=\"wpforms-field-label\" for=\"wpforms-1075-field_1\" >quieras Tel\u00e9fono contacto<\/label>\n\t\t\t<input type=\"text\" id=\"wpforms-1075-field_1\" class=\"wpforms-field-medium\" name=\"wpforms[fields][1]\" >\n\t\t<\/div>\n\t\t<div id=\"wpforms-1075-field_2-container\" class=\"wpforms-field wpforms-field-textarea\" data-field-id=\"2\"><label class=\"wpforms-field-label wpforms-label-hide\" for=\"wpforms-1075-field_2\">Com\u00e9ntanos lo que quieras <span class=\"wpforms-required-label\">*<\/span><\/label><textarea id=\"wpforms-1075-field_2\" class=\"wpforms-field-medium wpforms-field-required\" name=\"wpforms[fields][2]\" placeholder=\"Tu mensaje aqu\u00ed\" required><\/textarea><\/div><script>\n\t\t\t\t( function() {\n\t\t\t\t\tconst style = document.createElement( 'style' );\n\t\t\t\t\tstyle.appendChild( document.createTextNode( '#wpforms-1075-field_1-container { position: absolute !important; overflow: hidden !important; display: inline !important; height: 1px !important; width: 1px !important; z-index: -1000 !important; padding: 0 !important; } #wpforms-1075-field_1-container input { visibility: hidden; } #wpforms-conversational-form-page #wpforms-1075-field_1-container label { counter-increment: none; }' ) );\n\t\t\t\t\tdocument.head.appendChild( style );\n\t\t\t\t\tdocument.currentScript?.remove();\n\t\t\t\t} )();\n\t\t\t<\/script><\/div><!-- .wpforms-field-container --><div class=\"wpforms-recaptcha-container wpforms-is-recaptcha wpforms-is-recaptcha-type-v2\" ><div class=\"g-recaptcha\" data-sitekey=\"6LdQQvgrAAAAAJdxa1JWZM0LSbTEx6M5C2jrwBUt\"><\/div><input type=\"text\" name=\"g-recaptcha-hidden\" class=\"wpforms-recaptcha-hidden\" style=\"position:absolute!important;clip:rect(0,0,0,0)!important;height:1px!important;width:1px!important;border:0!important;overflow:hidden!important;padding:0!important;margin:0!important;\" data-rule-recaptcha=\"1\"><\/div><div class=\"wpforms-submit-container\" ><input type=\"hidden\" name=\"wpforms[id]\" value=\"1075\"><input type=\"hidden\" name=\"page_title\" value=\"\"><input type=\"hidden\" name=\"page_url\" value=\"https:\/\/itfincas.com\/home\/wp-json\/wp\/v2\/pages\/1412\"><input type=\"hidden\" name=\"url_referer\" value=\"\"><button type=\"submit\" name=\"wpforms[submit]\" id=\"wpforms-submit-1075\" class=\"wpforms-submit\" data-alt-text=\"Enviando...\" data-submit-text=\"ENVIAR CONSULTA\" aria-live=\"assertive\" value=\"wpforms-submit\">ENVIAR CONSULTA<\/button><\/div><\/form><\/div>  <!-- .wpforms-container -->\t\t\t\t<\/div>\n\t\t\t\t<\/div>\n\t\t\t\t<\/div>\n\t\t\t\t\t<\/div>\n\t\t\t\t<\/div>\n\t\t\t\t<\/div>\n\t\t","protected":false},"excerpt":{"rendered":"<p>Piso a 10 minutos de Graus Apartamento ideal de 70 metros cuadrados, sal\u00f3n cocina, 2 habitaciones, ba\u00f1o, 2 terrazas una acristalada, orientaci\u00f3n este\/oeste. Excelente ubicaci\u00f3n en pueblo del pre-Pirineo junto al r\u00edo \u00c9sera, a tan s\u00f3lo 10 minutos de Graus, 15 minutos de Campo y menos de 45 km del valle de Benasque y de [&hellip;]<\/p>\n","protected":false},"author":1,"featured_media":0,"parent":0,"menu_order":0,"comment_status":"closed","ping_status":"closed","template":"elementor_header_footer","meta":{"site-sidebar-layout":"no-sidebar","site-content-layout":"page-builder","ast-site-content-layout":"full-width-container","site-content-style":"default","site-sidebar-style":"default","ast-global-header-display":"","ast-banner-title-visibility":"","ast-main-header-display":"","ast-hfb-above-header-display":"","ast-hfb-below-header-display":"","ast-hfb-mobile-header-display":"","site-post-title":"","ast-breadcrumbs-content":"","ast-featured-img":"disabled","footer-sml-layout":"","ast-disable-related-posts":"","theme-transparent-header-meta":"","adv-header-id-meta":"","stick-header-meta":"","header-above-stick-meta":"","header-main-stick-meta":"","header-below-stick-meta":"","astra-migrate-meta-layouts":"set","ast-page-background-enabled":"default","ast-page-background-meta":{"desktop":{"background-color":"","background-image":"","background-repeat":"repeat","background-position":"center center","background-size":"auto","background-attachment":"scroll","background-type":"","background-media":"","overlay-type":"","overlay-color":"","overlay-opacity":"","overlay-gradient":""},"tablet":{"background-color":"","background-image":"","background-repeat":"repeat","background-position":"center center","background-size":"auto","background-attachment":"scroll","background-type":"","background-media":"","overlay-type":"","overlay-color":"","overlay-opacity":"","overlay-gradient":""},"mobile":{"background-color":"","background-image":"","background-repeat":"repeat","background-position":"center center","background-size":"auto","background-attachment":"scroll","background-type":"","background-media":"","overlay-type":"","overlay-color":"","overlay-opacity":"","overlay-gradient":""}},"ast-content-background-meta":{"desktop":{"background-color":"var(--ast-global-color-5)","background-image":"","background-repeat":"repeat","background-position":"center center","background-size":"auto","background-attachment":"scroll","background-type":"","background-media":"","overlay-type":"","overlay-color":"","overlay-opacity":"","overlay-gradient":""},"tablet":{"background-color":"var(--ast-global-color-5)","background-image":"","background-repeat":"repeat","background-position":"center center","background-size":"auto","background-attachment":"scroll","background-type":"","background-media":"","overlay-type":"","overlay-color":"","overlay-opacity":"","overlay-gradient":""},"mobile":{"background-color":"var(--ast-global-color-5)","background-image":"","background-repeat":"repeat","background-position":"center center","background-size":"auto","background-attachment":"scroll","background-type":"","background-media":"","overlay-type":"","overlay-color":"","overlay-opacity":"","overlay-gradient":""}},"footnotes":""},"class_list":["post-1412","page","type-page","status-publish","hentry"],"_links":{"self":[{"href":"https:\/\/itfincas.com\/home\/wp-json\/wp\/v2\/pages\/1412","targetHints":{"allow":["GET"]}}],"collection":[{"href":"https:\/\/itfincas.com\/home\/wp-json\/wp\/v2\/pages"}],"about":[{"href":"https:\/\/itfincas.com\/home\/wp-json\/wp\/v2\/types\/page"}],"author":[{"embeddable":true,"href":"https:\/\/itfincas.com\/home\/wp-json\/wp\/v2\/users\/1"}],"replies":[{"embeddable":true,"href":"https:\/\/itfincas.com\/home\/wp-json\/wp\/v2\/comments?post=1412"}],"version-history":[{"count":11,"href":"https:\/\/itfincas.com\/home\/wp-json\/wp\/v2\/pages\/1412\/revisions"}],"predecessor-version":[{"id":1436,"href":"https:\/\/itfincas.com\/home\/wp-json\/wp\/v2\/pages\/1412\/revisions\/1436"}],"wp:attachment":[{"href":"https:\/\/itfincas.com\/home\/wp-json\/wp\/v2\/media?parent=1412"}],"curies":[{"name":"wp","href":"https:\/\/api.w.org\/{rel}","templated":true}]}}